{"id":121,"date":"2010-11-26T08:51:45","date_gmt":"2010-11-26T08:51:45","guid":{"rendered":"http:\/\/localhost\/Anke%20Gregersen\/?page_id=121"},"modified":"2011-08-23T22:44:25","modified_gmt":"2011-08-23T22:44:25","slug":"impressum","status":"publish","type":"page","link":"https:\/\/www.ankegregersen.de\/?page_id=121","title":{"rendered":"IMPRESSUM"},"content":{"rendered":"<table class=\"firstpage_table\" width=\"720\" border=\"0\" cellspacing=\"0\" cellpadding=\"0\">\n<tbody>\n<tr>\n<td style=\"text-align: left;\">\n<p><strong>Anke Gregersen<br \/>\n0049 0177 2947486<br \/>\ngregersenanke@gmx.de<br \/>\nL\u00fcbbener Stra\u00dfe 10 in 10997 Berlin<\/strong><\/p>\n<p><br class=\"spacer_\" \/><\/p>\n<p>Die Urheberrechte dieser Web-Site liegen vollst\u00e4ndig bei www.ankegregersen.de.<br \/>\nBildmotive d\u00fcrfen f\u00fcr redaktionelle Zwecke nach Absprache genutzt werden.<br \/>\nGrafische Ver\u00e4nderungen sind nicht gestattet.<br \/>\nDiese Seiten, Dokumente und deren Inhalte d\u00fcrfen nicht kommerziell verwertet werden,<br \/>\nebenso Texte oder Textausz\u00fcge.<\/p>\n<p>Ankegregersen.de \u00fcbernimmt keine Haftung,<br \/>\nes sei denn die Fehler wurden vors\u00e4tzlich oder grob<br \/>\nfahrl\u00e4ssig aufgenommen. Dies bezieht sich auf eventuelle<br \/>\nSch\u00e4den materieller oder ideeller Art Dritter, die durch<br \/>\ndie Nutzung dieses Webangebotes verursacht wurden.<\/p>\n<p>Auch f\u00fcr die Richtigkeit von Daten, Zahlen, Termine und Zeiten<br \/>\nkann keine Gew\u00e4hr \u00fcbernommen werden.<\/p>\n<p>Diese Seiten und Dokumente d\u00fcrfen nicht kommerziell verwertet werden.<\/p>\n<p>Haftungshinweis: Trotz sorgf\u00e4ltiger inhaltlicher Kontrolle \u00fcbernehmen<br \/>\nwir keine Haftung f\u00fcr die Inhalte externer Links.<br \/>\nF\u00fcr den Inhalt der  verlinkten Seiten sind ausschlie\u00dflich deren Betreiber verantwortlich.<br \/>\nDas Auftreten von Fehlern ist nicht v\u00f6llig auszuschlie\u00dfen.<\/p>\n<p>Ankegregersen.de \u00fcbernimmt keine Haftung f\u00fcr die Aktualit\u00e4t,<br \/>\ndie inhaltliche Richtigkeit sowie f\u00fcr die Vollst\u00e4ndigkeit<br \/>\nder in ihrem Webangebot eingestellten Informationen,<br \/>\nes sei denn die Fehler wurden vors\u00e4tzlich oder grob<br \/>\nfahrl\u00e4ssig aufgenommen. Dies bezieht sich auf eventuelle<br \/>\nSch\u00e4den materieller oder ideeller Art Dritter, die durch<br \/>\ndie Nutzung dieses Webangebotes verursacht wurden.<\/p>\n<p class=\"cat_abstand\">\n<p><a class=\"zuruck\" href=\"javascript:history.back()\">Zur\u00fcck<\/a>\n<\/td>\n<\/tr>\n<\/tbody>\n<\/table>\n","protected":false},"excerpt":{"rendered":"<p>Anke Gregersen 0049 0177 2947486 gregersenanke@gmx.de L\u00fcbbener Stra\u00dfe 10 in 10997 Berlin<a class=\"morelinks\" href=\"https:\/\/www.ankegregersen.de\/?page_id=121\">&#8230; &nbsp;&nbsp;&nbsp;<\/a><\/p>\n","protected":false},"author":3,"featured_media":0,"parent":0,"menu_order":7,"comment_status":"closed","ping_status":"closed","template":"","meta":{"footnotes":""},"_links":{"self":[{"href":"https:\/\/www.ankegregersen.de\/index.php?rest_route=\/wp\/v2\/pages\/121"}],"collection":[{"href":"https:\/\/www.ankegregersen.de\/index.php?rest_route=\/wp\/v2\/pages"}],"about":[{"href":"https:\/\/www.ankegregersen.de\/index.php?rest_route=\/wp\/v2\/types\/page"}],"author":[{"embeddable":true,"href":"https:\/\/www.ankegregersen.de\/index.php?rest_route=\/wp\/v2\/users\/3"}],"replies":[{"embeddable":true,"href":"https:\/\/www.ankegregersen.de\/index.php?rest_route=%2Fwp%2Fv2%2Fcomments&post=121"}],"version-history":[{"count":2,"href":"https:\/\/www.ankegregersen.de\/index.php?rest_route=\/wp\/v2\/pages\/121\/revisions"}],"predecessor-version":[{"id":2179,"href":"https:\/\/www.ankegregersen.de\/index.php?rest_route=\/wp\/v2\/pages\/121\/revisions\/2179"}],"wp:attachment":[{"href":"https:\/\/www.ankegregersen.de\/index.php?rest_route=%2Fwp%2Fv2%2Fmedia&parent=121"}],"curies":[{"name":"wp","href":"https:\/\/api.w.org\/{rel}","templated":true}]}}