{"id":2,"date":"2010-11-22T17:45:58","date_gmt":"2010-11-22T17:45:58","guid":{"rendered":"http:\/\/localhost\/Anke%20Gregersen\/?page_id=2"},"modified":"2011-08-31T15:09:46","modified_gmt":"2011-08-31T13:09:46","slug":"anke-gregersen","status":"publish","type":"page","link":"https:\/\/www.ankegregersen.de\/","title":{"rendered":"ANKE GREGERSEN"},"content":{"rendered":"<p class=\"uberschrift_catlist\">ZUR PERSON:<\/p>\n<table class=\"firstpage_table\" width=\"720\" border=\"0\" cellspacing=\"0\" cellpadding=\"0\">\n<tbody>\n<tr>\n<td style=\"text-align: left;\" width=\"340px\">\n<p>&nbsp;<\/p>\n<p><strong>Willkommen auf meiner Internetseite<\/strong>, auf der ich Ihnen meine beruflichen T\u00e4tigkeiten vorstelle.<\/p>\n<p>&nbsp;<\/p>\n<p>Seit mehr als 10 Jahren arbeite ich als freie Regisseurin an verschiedenen deutschsprachigen B\u00fchnen. Unter der Rubrik Regie k\u00f6nnen sie eine Inszenierungs\u00fcbersicht, sowie Informationen, Kritiken, Fotos und Videos zu einzelnen Arbeiten sehen.<\/p>\n<p>Als Kommunikationstrainerin gebe ich Unterricht an verschiedenen Instituten und entwickle Kommunikations-konzepte zur Vermittlung verschiedener Inhalte.<br \/>\nUm das Kommunikationsverhalten nachhaltig ver\u00e4ndern zu k\u00f6nnen, habe ich mich zus\u00e4tzlich als Coach ausbilden lassen.<\/p>\n<p>Ich freue mich, wenn Sie noch mehr \u00fcber mich erfahren wollen.<\/p>\n<p>&nbsp;<\/p>\n<p>Herzliche Gr\u00fc\u00dfe<\/p>\n<p><strong>Anke Gregersen<\/strong><\/td>\n<td width=\"40\"><\/td>\n<td  style=\"text-align: left;\" width=\"340\"><img decoding=\"async\" src=\"grafik\/anke2010.jpg\" alt=\"\" width=\"240\" height=\"320&quot;\/\" \/><\/td>\n<\/tr>\n<\/tbody>\n<\/table>\n","protected":false},"excerpt":{"rendered":"<p>ZUR PERSON: &nbsp; Willkommen auf meiner Internetseite, auf der ich Ihnen meine<a class=\"morelinks\" href=\"https:\/\/www.ankegregersen.de\/\">&#8230; &nbsp;&nbsp;&nbsp;<\/a><\/p>\n","protected":false},"author":3,"featured_media":0,"parent":0,"menu_order":1,"comment_status":"closed","ping_status":"closed","template":"firstpage.php","meta":{"footnotes":""},"_links":{"self":[{"href":"https:\/\/www.ankegregersen.de\/index.php?rest_route=\/wp\/v2\/pages\/2"}],"collection":[{"href":"https:\/\/www.ankegregersen.de\/index.php?rest_route=\/wp\/v2\/pages"}],"about":[{"href":"https:\/\/www.ankegregersen.de\/index.php?rest_route=\/wp\/v2\/types\/page"}],"author":[{"embeddable":true,"href":"https:\/\/www.ankegregersen.de\/index.php?rest_route=\/wp\/v2\/users\/3"}],"replies":[{"embeddable":true,"href":"https:\/\/www.ankegregersen.de\/index.php?rest_route=%2Fwp%2Fv2%2Fcomments&post=2"}],"version-history":[{"count":2,"href":"https:\/\/www.ankegregersen.de\/index.php?rest_route=\/wp\/v2\/pages\/2\/revisions"}],"predecessor-version":[{"id":2228,"href":"https:\/\/www.ankegregersen.de\/index.php?rest_route=\/wp\/v2\/pages\/2\/revisions\/2228"}],"wp:attachment":[{"href":"https:\/\/www.ankegregersen.de\/index.php?rest_route=%2Fwp%2Fv2%2Fmedia&parent=2"}],"curies":[{"name":"wp","href":"https:\/\/api.w.org\/{rel}","templated":true}]}}