{"id":571,"date":"2010-12-16T12:23:30","date_gmt":"2010-12-16T12:23:30","guid":{"rendered":"http:\/\/localhost\/AnkeGregersen\/?page_id=571"},"modified":"2011-08-29T21:40:16","modified_gmt":"2011-08-29T19:40:16","slug":"kommunikation","status":"publish","type":"page","link":"https:\/\/www.ankegregersen.de\/?page_id=571","title":{"rendered":"KOMMUNIKATION | PR\u00c4SENTATION"},"content":{"rendered":"<p class=\"uberschrift_catlist\">KOMMUNIKATION | KOMMUNIKATIONSTRAINING:<\/p>\n<table class=\"firstpage_table\" border=\"0\" width=\"720\" cellspacing=\"0\" cellpadding=\"0\">\n<tbody>\n<tr>\n<td style=\"text-align: left;\" width=\"340px\">\n<p>&nbsp;<\/p>\n<p>\u201eMan kann nicht, nicht kommunizieren\u201c und doch ist \u201eKommunikation der unm\u00f6glichste Fall\u201c.<\/p>\n<p>&nbsp;<\/p>\n<p>Kommunikation umgibt uns stetig und bestimmt unseren Alltag.<br \/>\nSeit 2003 arbeite ich als Kommunikations- und Pr\u00e4sentationstrainerin an verschiedenen Instituten unter anderen am \u201eL4 Institut f\u00fcr digitale Kommunikation in Berlin\u201c und an der \u201eHochschule f\u00fcr Musik und Theater Leipzig\u201c<\/p>\n<p>In Workshops geht es mir zun\u00e4chst darum, durch einfache \u00dcbungen f\u00fcr die Kommunikation zu sensibilisieren. Um das Thema erfassbar zu machen, werden grundlegende Kommunikationstheorien vermittelt, die durch praktische Beispiele erlebbar werden.<\/p>\n<\/td>\n<td width=\"40\">&nbsp;<\/td>\n<td style=\"text-align: left;\" width=\"340px\">\n<p>&nbsp;<\/p>\n<p>Spielerisch und mit verschiedenen \u00dcbungen geht es dann darum, das eigene Kommunikationsverhalten zu erkennen.<\/p>\n<p>Welche Teile daran finde ich gut und welche will ich ver\u00e4ndern?<\/p>\n<p>&nbsp;<\/p>\n<p>&nbsp;<\/p>\n<p class=\"uberschrift_catlist\">PR\u00c4SENTATIONSTRAINING:<\/p>\n<p>&nbsp;<\/p>\n<p>Die Workshops werden jeweils auf die Situation und die Bed\u00fcrfnisse zugeschnitten.<\/p>\n<p>&nbsp;<\/p>\n<p>F\u00fcr mehr Informationen kontaktieren Sie mich bitte.<\/p>\n<\/td>\n<\/tr>\n<\/tbody>\n<\/table>\n","protected":false},"excerpt":{"rendered":"<p>KOMMUNIKATION | KOMMUNIKATIONSTRAINING: &nbsp; \u201eMan kann nicht, nicht kommunizieren\u201c und doch ist<a class=\"morelinks\" href=\"https:\/\/www.ankegregersen.de\/?page_id=571\">&#8230; &nbsp;&nbsp;&nbsp;<\/a><\/p>\n","protected":false},"author":3,"featured_media":0,"parent":0,"menu_order":3,"comment_status":"closed","ping_status":"closed","template":"","meta":{"footnotes":""},"_links":{"self":[{"href":"https:\/\/www.ankegregersen.de\/index.php?rest_route=\/wp\/v2\/pages\/571"}],"collection":[{"href":"https:\/\/www.ankegregersen.de\/index.php?rest_route=\/wp\/v2\/pages"}],"about":[{"href":"https:\/\/www.ankegregersen.de\/index.php?rest_route=\/wp\/v2\/types\/page"}],"author":[{"embeddable":true,"href":"https:\/\/www.ankegregersen.de\/index.php?rest_route=\/wp\/v2\/users\/3"}],"replies":[{"embeddable":true,"href":"https:\/\/www.ankegregersen.de\/index.php?rest_route=%2Fwp%2Fv2%2Fcomments&post=571"}],"version-history":[{"count":2,"href":"https:\/\/www.ankegregersen.de\/index.php?rest_route=\/wp\/v2\/pages\/571\/revisions"}],"predecessor-version":[{"id":2226,"href":"https:\/\/www.ankegregersen.de\/index.php?rest_route=\/wp\/v2\/pages\/571\/revisions\/2226"}],"wp:attachment":[{"href":"https:\/\/www.ankegregersen.de\/index.php?rest_route=%2Fwp%2Fv2%2Fmedia&parent=571"}],"curies":[{"name":"wp","href":"https:\/\/api.w.org\/{rel}","templated":true}]}}